{"id":20097,"date":"2024-02-22T17:37:46","date_gmt":"2024-02-22T22:37:46","guid":{"rendered":"https:\/\/www.redwantingblue.com\/store\/?page_id=20097"},"modified":"2024-02-23T22:11:38","modified_gmt":"2024-02-24T03:11:38","slug":"march-2024-ticket-giveaway-terms-and-conditions","status":"publish","type":"page","link":"https:\/\/www.redwantingblue.com\/store\/contests\/march-2024-vip-soundcheck-and-ticket-giveaway\/march-2024-ticket-giveaway-terms-and-conditions\/","title":{"rendered":"March 2024 Ticket Giveaway Terms and Conditions"},"content":{"rendered":"<div class=\"gb-container gb-container-f2f65365\">\n<div class=\"gb-grid-wrapper gb-grid-wrapper-da2189cd\">\n<div class=\"gb-grid-column gb-grid-column-ba6249ae\"><div class=\"gb-container gb-container-ba6249ae\">\n\n<figure class=\"wp-block-image size-large\"><img decoding=\"async\" width=\"1000\" height=\"1000\" src=\"https:\/\/www.redwantingblue.com\/store\/wp-content\/uploads\/2024\/02\/march-2024-VIP-giveaway-square-1000x1000.jpg\" alt=\"\" class=\"wp-image-20079\" srcset=\"https:\/\/www.redwantingblue.com\/store\/wp-content\/uploads\/2024\/02\/march-2024-VIP-giveaway-square-1000x1000.jpg 1000w, https:\/\/www.redwantingblue.com\/store\/wp-content\/uploads\/2024\/02\/march-2024-VIP-giveaway-square-500x500.jpg 500w, https:\/\/www.redwantingblue.com\/store\/wp-content\/uploads\/2024\/02\/march-2024-VIP-giveaway-square-300x300.jpg 300w, https:\/\/www.redwantingblue.com\/store\/wp-content\/uploads\/2024\/02\/march-2024-VIP-giveaway-square-768x768.jpg 768w, https:\/\/www.redwantingblue.com\/store\/wp-content\/uploads\/2024\/02\/march-2024-VIP-giveaway-square-100x100.jpg 100w, https:\/\/www.redwantingblue.com\/store\/wp-content\/uploads\/2024\/02\/march-2024-VIP-giveaway-square.jpg 1500w\" sizes=\"(max-width: 1000px) 100vw, 1000px\" \/><\/figure>\n\n<\/div><\/div>\n\n<div class=\"gb-grid-column gb-grid-column-2261dd68\"><div class=\"gb-container gb-container-2261dd68\">\n\n<ul class=\"wp-block-list\">\n<li>No purchase or payment of any kind is necessary to enter or win this sweepstakes.<\/li>\n\n\n\n<li>1 entry per person.<\/li>\n\n\n\n<li>Limited to legal residents of, and entries from, within the United States, 18 years of age or older. Sweepstakes void where prohibited by law.<\/li>\n\n\n\n<li>Sweepstakes opens on 02\/26\/2024 and will conclude on 03\/06\/2024. One winner per tour date will be chosen at random prior to each concert date. The winners will be notified via e-mail. Winners will be added to the venue guest list.<\/li>\n\n\n\n<li>Method of Entry: (1) Subscribe to the giveaway email collection list, before\u00a003\/06\/2024, by clicking on\u00a0<strong><a href=\"https:\/\/www.redwantingblue.com\/store\/contests\/march-2024-vip-soundcheck-and-ticket-giveaway\/\" target=\"_blank\" rel=\"noopener\" title=\"this link\">this link<\/a><\/strong>\u00a0and following all prompts. Sign-ups will be added to the\u00a0Red Wanting Blue\u00a0e-mail newsletter.<\/li>\n\n\n\n<li>Sponsor: The Sponsor of this&nbsp;giveaway&nbsp;is Blue \u00c9lan Records, LLC. For information or inquiries, contact Blue \u00c9lan Records, 10880 Wilshire Blvd., Suite 2000, Los Angeles, CA, 90024, www.blueelan.com. Blue \u00c9lan Records, LLC operates the e-mail newsletter for Red Wanting Blue.<\/li>\n\n\n\n<li>Prizes: One (1) Winner per listed tour date will receive free entry&nbsp;and VIP \u201cSoundcheck Sit In\u201d access for themselves and a guest. This prize is non-transferable and non-refundable.<\/li>\n\n\n\n<li>Winner List: To receive a notice of the winner, please send a self-addressed, stamped envelope to Blue \u00c9lan Records, LLC\u00a0&amp; Hardcharger Records, LLC, 10880 Wilshire Blvd, Suite 2000, Los Angeles, CA, 90024 and please specify \u201cRed Wanting Blue March 2024 Ticket Giveaway\u201d on the outer envelope.<\/li>\n<\/ul>\n\n<\/div><\/div>\n<\/div>\n<\/div>","protected":false},"excerpt":{"rendered":"","protected":false},"author":1,"featured_media":0,"parent":20073,"menu_order":0,"comment_status":"closed","ping_status":"closed","template":"","meta":{"footnotes":""},"class_list":["post-20097","page","type-page","status-publish"],"aioseo_notices":[],"jetpack_sharing_enabled":true,"_links":{"self":[{"href":"https:\/\/www.redwantingblue.com\/store\/wp-json\/wp\/v2\/pages\/20097","targetHints":{"allow":["GET"]}}],"collection":[{"href":"https:\/\/www.redwantingblue.com\/store\/wp-json\/wp\/v2\/pages"}],"about":[{"href":"https:\/\/www.redwantingblue.com\/store\/wp-json\/wp\/v2\/types\/page"}],"author":[{"embeddable":true,"href":"https:\/\/www.redwantingblue.com\/store\/wp-json\/wp\/v2\/users\/1"}],"replies":[{"embeddable":true,"href":"https:\/\/www.redwantingblue.com\/store\/wp-json\/wp\/v2\/comments?post=20097"}],"version-history":[{"count":0,"href":"https:\/\/www.redwantingblue.com\/store\/wp-json\/wp\/v2\/pages\/20097\/revisions"}],"up":[{"embeddable":true,"href":"https:\/\/www.redwantingblue.com\/store\/wp-json\/wp\/v2\/pages\/20073"}],"wp:attachment":[{"href":"https:\/\/www.redwantingblue.com\/store\/wp-json\/wp\/v2\/media?parent=20097"}],"curies":[{"name":"wp","href":"https:\/\/api.w.org\/{rel}","templated":true}]}}